{"id":29,"date":"2018-05-11T16:19:53","date_gmt":"2018-05-11T16:19:53","guid":{"rendered":"https:\/\/www.frydmantri.pl\/?page_id=29"},"modified":"2020-12-04T14:02:08","modified_gmt":"2020-12-04T14:02:08","slug":"kontakt","status":"publish","type":"page","link":"https:\/\/www.frydmantri.pl\/","title":{"rendered":"Kontakt"},"content":{"rendered":"<p>Je\u015bli masz pytania odno\u015bnie trasy napisz na<\/p>\n<p><a href=\"mailto:info@fundacjafrydmantriathlon.pl\">info@frydmantri.pl<\/a><br \/>\ntel.: +48 665 515 600<\/p>\n<p>natomiast je\u015bli masz pytania odno\u015bnie zapis\u00f3w, faktur b\u0105d\u017a chcesz nawi\u0105za\u0107 wsp\u00f3\u0142prac\u0119 napisz na<\/p>\n<p><a href=\"mailto:biuro@frydmantri.pl\">biuro@frydmantri.pl<\/a><\/p>\n<p>Fundacja Frydman Triathlon<\/p>\n<p>Nr rachunku<br \/>\n56 2030 0045 1110 0000 0418 9400<br \/>\nNad Stawem 2a<br \/>\n34-435 Frydman<\/p>\n","protected":false},"excerpt":{"rendered":"<p>Je\u015bli masz pytania odno\u015bnie trasy napisz na info@frydmantri.pl tel.: +48 665 515 600 natomiast je\u015bli masz pytania odno\u015bnie zapis\u00f3w, faktur b\u0105d\u017a chcesz nawi\u0105za\u0107 wsp\u00f3\u0142prac\u0119 napisz na biuro@frydmantri.pl Fundacja Frydman Triathlon Nr rachunku 56 2030 0045 1110 0000 0418 9400 Nad Stawem 2a 34-435 Frydman<\/p>\n","protected":false},"author":2,"featured_media":0,"parent":0,"menu_order":0,"comment_status":"closed","ping_status":"closed","template":"","meta":{"footnotes":""},"class_list":["post-29","page","type-page","status-publish","hentry"],"_links":{"self":[{"href":"https:\/\/www.frydmantri.pl\/index.php?rest_route=\/wp\/v2\/pages\/29","targetHints":{"allow":["GET"]}}],"collection":[{"href":"https:\/\/www.frydmantri.pl\/index.php?rest_route=\/wp\/v2\/pages"}],"about":[{"href":"https:\/\/www.frydmantri.pl\/index.php?rest_route=\/wp\/v2\/types\/page"}],"author":[{"embeddable":true,"href":"https:\/\/www.frydmantri.pl\/index.php?rest_route=\/wp\/v2\/users\/2"}],"replies":[{"embeddable":true,"href":"https:\/\/www.frydmantri.pl\/index.php?rest_route=%2Fwp%2Fv2%2Fcomments&post=29"}],"version-history":[{"count":7,"href":"https:\/\/www.frydmantri.pl\/index.php?rest_route=\/wp\/v2\/pages\/29\/revisions"}],"predecessor-version":[{"id":107,"href":"https:\/\/www.frydmantri.pl\/index.php?rest_route=\/wp\/v2\/pages\/29\/revisions\/107"}],"wp:attachment":[{"href":"https:\/\/www.frydmantri.pl\/index.php?rest_route=%2Fwp%2Fv2%2Fmedia&parent=29"}],"curies":[{"name":"wp","href":"https:\/\/api.w.org\/{rel}","templated":true}]}}