{"id":19,"date":"2018-05-11T16:12:38","date_gmt":"2018-05-11T16:12:38","guid":{"rendered":"https:\/\/www.frydmantri.pl\/?page_id=19"},"modified":"2026-02-14T11:42:16","modified_gmt":"2026-02-14T10:42:16","slug":"program-zawodow","status":"publish","type":"page","link":"https:\/\/www.frydmantri.pl\/?page_id=19","title":{"rendered":"Program zawod\u00f3w"},"content":{"rendered":"\r\n<div class=\"wp-block-columns is-layout-flex wp-container-core-columns-is-layout-28f84493 wp-block-columns-is-layout-flex\">\r\n<div class=\"wp-block-column is-layout-flow wp-block-column-is-layout-flow\" style=\"flex-basis: 100%;\">\r\n<div class=\"wp-block-group\"><div class=\"wp-block-group__inner-container is-layout-flow wp-block-group-is-layout-flow\">\r\n<p style=\"text-align: center;\"><strong>PROGRAM ZAWOD\u00d3W<\/strong><\/p>\r\n<p style=\"text-align: center;\">27.06.2026 r. (sobota) :<\/p>\r\n<p>8:00\u00a0\u00a0\u00a0\u00a0\u00a0\u00a0\u00a0\u00a0\u00a0\u00a0\u00a0\u00a0\u00a0\u00a0\u00a0\u00a0\u00a0\u00a0\u00a0\u00a0\u00a0\u00a0 \u2013 otwarcie Biura Zawod\u00f3w we Frydmanie (ko\u0142o boiska sportowego)<\/p>\r\n<p>8:00\u00a0\u00a0\u00a0\u00a0\u00a0\u00a0 \u2013 10:30 \u2013\u00a0 wydawanie pakiet\u00f3w startowych<\/p>\r\n<p>8:00\u00a0\u00a0\u00a0\u00a0\u00a0\u00a0 \u2013 10:30 \u2013 wprowadzenie rower\u00f3w do strefy zmian, oznakowanie zawodnik\u00f3w<\/p>\r\n<p>10:30\u00a0\u00a0\u00a0\u00a0 \u2013 11:00 \u2013 uroczyste otwarcie zawod\u00f3w i odprawa<\/p>\r\n<p><strong>11:30<\/strong>\u00a0\u00a0\u00a0\u00a0 \u2013 15:30 \u2013\u00a0 start dystansu olimpijskiego<\/p>\r\n<p><strong>11:30<\/strong>\u00a0\u00a0\u00a0\u00a0 \u2013 14:00 \u2013\u00a0 start dystansu sprinterskiego<\/p>\r\n<p>14:00\u00a0\u00a0\u00a0\u00a0 \u2013 16:00 \u2013 wyprowadzanie rower\u00f3w ze strefy zmian<\/p>\r\n<p>14:30\u00a0\u00a0\u00a0\u00a0 \u2013 15:30 \u2013 ceremonia wr\u0119czenia nagr\u00f3d dystans sprinterski<\/p>\r\n<p>15:30\u00a0\u00a0\u00a0\u00a0\u00a0\u00a0\u00a0\u00a0\u00a0\u00a0\u00a0\u00a0\u00a0\u00a0\u00a0\u00a0\u00a0\u00a0\u00a0\u00a0 \u2013 ceremonia wr\u0119czenia nagr\u00f3d dystans olimpijski i uroczyste zako\u0144czenie zawod\u00f3w<\/p>\r\n<\/div><\/div>\r\n<\/div>\r\n<\/div>\r\n","protected":false},"excerpt":{"rendered":"<p>PROGRAM ZAWOD\u00d3W 27.06.2026 r. (sobota) : 8:00\u00a0\u00a0\u00a0\u00a0\u00a0\u00a0\u00a0\u00a0\u00a0\u00a0\u00a0\u00a0\u00a0\u00a0\u00a0\u00a0\u00a0\u00a0\u00a0\u00a0\u00a0\u00a0 \u2013 otwarcie Biura Zawod\u00f3w we Frydmanie (ko\u0142o boiska sportowego) 8:00\u00a0\u00a0\u00a0\u00a0\u00a0\u00a0 \u2013 10:30 \u2013\u00a0 wydawanie pakiet\u00f3w startowych 8:00\u00a0\u00a0\u00a0\u00a0\u00a0\u00a0 \u2013 10:30 \u2013 wprowadzenie rower\u00f3w do strefy zmian, oznakowanie zawodnik\u00f3w 10:30\u00a0\u00a0\u00a0\u00a0 \u2013 11:00 \u2013 uroczyste otwarcie zawod\u00f3w i odprawa 11:30\u00a0\u00a0\u00a0\u00a0 \u2013 15:30 \u2013\u00a0 start dystansu olimpijskiego 11:30\u00a0\u00a0\u00a0\u00a0 \u2013 14:00 \u2013\u00a0 start dystansu sprinterskiego 14:00\u00a0\u00a0\u00a0\u00a0 \u2013 16:00 \u2013 wyprowadzanie rower\u00f3w ze strefy zmian 14:30\u00a0\u00a0\u00a0\u00a0 \u2013 15:30 \u2013 ceremonia wr\u0119czenia nagr\u00f3d dystans sprinterski 15:30\u00a0\u00a0\u00a0\u00a0\u00a0\u00a0\u00a0\u00a0\u00a0\u00a0\u00a0\u00a0\u00a0\u00a0\u00a0\u00a0\u00a0\u00a0\u00a0\u00a0 \u2013 ceremonia wr\u0119czenia nagr\u00f3d dystans olimpijski i uroczyste zako\u0144czenie zawod\u00f3w<\/p>\n","protected":false},"author":2,"featured_media":0,"parent":0,"menu_order":0,"comment_status":"closed","ping_status":"closed","template":"","meta":{"footnotes":""},"class_list":["post-19","page","type-page","status-publish","hentry"],"_links":{"self":[{"href":"https:\/\/www.frydmantri.pl\/index.php?rest_route=\/wp\/v2\/pages\/19","targetHints":{"allow":["GET"]}}],"collection":[{"href":"https:\/\/www.frydmantri.pl\/index.php?rest_route=\/wp\/v2\/pages"}],"about":[{"href":"https:\/\/www.frydmantri.pl\/index.php?rest_route=\/wp\/v2\/types\/page"}],"author":[{"embeddable":true,"href":"https:\/\/www.frydmantri.pl\/index.php?rest_route=\/wp\/v2\/users\/2"}],"replies":[{"embeddable":true,"href":"https:\/\/www.frydmantri.pl\/index.php?rest_route=%2Fwp%2Fv2%2Fcomments&post=19"}],"version-history":[{"count":14,"href":"https:\/\/www.frydmantri.pl\/index.php?rest_route=\/wp\/v2\/pages\/19\/revisions"}],"predecessor-version":[{"id":201,"href":"https:\/\/www.frydmantri.pl\/index.php?rest_route=\/wp\/v2\/pages\/19\/revisions\/201"}],"wp:attachment":[{"href":"https:\/\/www.frydmantri.pl\/index.php?rest_route=%2Fwp%2Fv2%2Fmedia&parent=19"}],"curies":[{"name":"wp","href":"https:\/\/api.w.org\/{rel}","templated":true}]}}